{"id":610,"date":"2023-02-03T11:47:18","date_gmt":"2023-02-03T11:47:18","guid":{"rendered":"https:\/\/www.minihurenzeeland.nl\/ueber-uns\/"},"modified":"2024-06-18T08:53:37","modified_gmt":"2024-06-18T08:53:37","slug":"ueber-uns","status":"publish","type":"page","link":"https:\/\/www.minihurenzeeland.nl\/de\/ueber-uns\/","title":{"rendered":"\u00dcber uns"},"content":{"rendered":"<p><strong>Mini Hire in Zeeland ist eine Initiative von Lennert Steketee. Dieser junge Unternehmer aus Yerseke streckt gerne seinen Kopf heraus. Neben der Vermietung von <a href=\"https:\/\/www.bluegreenholiday.nl\/\">Ferienh\u00e4usern<\/a> in Zeeland begann er mit der Vermietung von <a href=\"https:\/\/www.scooterhurenzeeland.nl\/\">Motorrollern, (Elektro-)Fahrr\u00e4dern und sogar Tuktuks und Fatbikes<\/a>. Ein gro\u00dfer Erfolg. Ein solcher Erfolg, dass er inzwischen auch in <a href=\"https:\/\/www.scooterhurenbrabant.nl\/\">Nordbrabant aktiv<\/a> ist. Ende 2020 wurde die Gemeinde Reimerswaal, Lennert damit beauftragt, als touristische Informationsstelle f\u00fcr Yerseke und die Gemeinde Reimerswaal zu dienen. Der <a href=\"https:\/\/www.touristshopyerseke.nl\/\">Tourist Shop Yerseke<\/a> ist die Dachorganisation, die Besucher f\u00fchrt, inspiriert und informiert und wo Aktivit\u00e4ten (online) gebucht werden k\u00f6nnen. <\/strong><\/p>\n<p>Aber Touristen und auch Einheimische wollen immer \u00f6fter herausgefordert und stimuliert werden. Mit der Entscheidung, klassische Mini Coopers zu mieten, zeigt Lennert einmal mehr, dass er die Nachfrage seiner Kunden versteht. Eine Fahrt in einem Mini Cooper in Zeeland ist ein einzigartiges und unvergessliches Erlebnis. Davon werden Sie sicher noch lange sprechen!<\/p>\n<h2>Classic Mini Cooper ist ein einzigartiges Erlebnis<\/h2>\n<p>Einen klassischen Mini Cooper zu fahren ist ein einzigartiges Erlebnis, und zwar nicht nur f\u00fcr Autoliebhaber. Ein Teil des Charmes eines solchen Oldtimers liegt in der Nostalgie. Schon beim Klang des Motors wissen Sie, dass diese Fahrt anders sein wird als jede andere Autofahrt. In einer solchen &#8218;Keksdose&#8216; mit nur vier G\u00e4ngen, einem manuellen Choke, Trommelbremsen und in der Tat: ohne Servolenkung reisen Sie ein wenig in der Zeit zur\u00fcck. Eine Drossel? Damit steuern Sie die Luftzufuhr f\u00fcr den Motor Ihres Autos. Der Fahrer bedient den Choke. Dies ist notwendig, wenn der Mini Cooper noch nicht seine optimale Temperatur erreicht hat, da er sonst leicht abgew\u00fcrgt wird. Vor allem bei kaltem Wetter ist die Verwendung eines Chokes sehr wichtig. Das werden Sie selbst erleben, wenn Sie eine Fahrt in einem Mini Cooper machen! Nat\u00fcrlich erhalten Sie deshalb vorher kurze, klare Anweisungen.<\/p>\n<p><img loading=\"lazy\" decoding=\"async\" class=\"alignnone size-medium wp-image-287\" src=\"https:\/\/www.minihurenzeeland.nl\/wp-content\/uploads\/sites\/3\/2023\/02\/P66A2542-380x253.jpg\" alt=\"Mini-Verleih Zeeland\" width=\"380\" height=\"253\" srcset=\"https:\/\/www.minihurenzeeland.nl\/wp-content\/uploads\/sites\/3\/2023\/02\/P66A2542-380x253.jpg 380w, https:\/\/www.minihurenzeeland.nl\/wp-content\/uploads\/sites\/3\/2023\/02\/P66A2542-1920x1280.jpg 1920w, https:\/\/www.minihurenzeeland.nl\/wp-content\/uploads\/sites\/3\/2023\/02\/P66A2542-768x512.jpg 768w, https:\/\/www.minihurenzeeland.nl\/wp-content\/uploads\/sites\/3\/2023\/02\/P66A2542-1536x1024.jpg 1536w, https:\/\/www.minihurenzeeland.nl\/wp-content\/uploads\/sites\/3\/2023\/02\/P66A2542-2048x1366.jpg 2048w, https:\/\/www.minihurenzeeland.nl\/wp-content\/uploads\/sites\/3\/2023\/02\/P66A2542-740x493.jpg 740w, https:\/\/www.minihurenzeeland.nl\/wp-content\/uploads\/sites\/3\/2023\/02\/P66A2542-430x287.jpg 430w\" sizes=\"auto, (max-width: 380px) 100vw, 380px\" \/><\/p>\n<h2>Gemeinsam auf dem Weg<\/h2>\n<p>Ganz gleich, ob Sie etwas zu feiern haben oder einfach nur einen Ausflug machen wollen, ein Tag in einem klassischen Mini Cooper ist sehr zu empfehlen. Der britische Comedy-Held Mr. Bean (der Schauspieler Rowan Atkinson) ist Ihnen zuvorgekommen und hat den Mini Cooper zu einem \u00e4u\u00dferst beliebten Klassiker gemacht. Logisch, schlie\u00dflich ist es ein sehr cooler Oldtimer. Die Mini Coopers von Mini Huren in Zeeland sind alle gr\u00fcndlich \u00fcberpr\u00fcft und \u00fcberholt worden. So k\u00f6nnen Sie trotz Ihres Alters unbesorgt ausgehen. Das Mieten kann allein oder zu zweit erfolgen, aber noch mehr Spa\u00df macht es nat\u00fcrlich, mit der Familie, Freunden oder Kollegen auszugehen. Die Faustregel von Lennert besagt, dass Sie in einem Mini Cooper bis zu drei Erwachsene oder zwei Erwachsene und zwei Kinder bis zu 12 Jahren mitnehmen k\u00f6nnen. Mini Huren in Zeeland hat mehrere lustige Routen ausgearbeitet, die Sie entlang der sch\u00f6nsten inneren Stra\u00dfen Zeelands f\u00fchren.<\/p>\n<h2>Kulinarische Mini Cooper Tour<\/h2>\n<p>M\u00f6gen Sie gutes Essen und m\u00f6chten Sie Zeeland auch auf diese Weise kennen lernen? Dann ist die <a href=\"https:\/\/www.minihurenzeeland.nl\/arrangementen\/arrangement-culinair\/\">kulinarische Route<\/a> ein absolutes Muss. Sie erhalten eine Route und Adressen, an denen Sie f\u00fcr ein leckeres Gericht anhalten k\u00f6nnen. Neben dem guten Essen erfahren Sie bei jedem Halt etwas \u00fcber die Region. Eine super lustige Kombination, vor allem, wenn Sie mit einer Gruppe unterwegs sind. Bei Mini Huren in Zeeland denkt man ohnehin gerne mit Ihnen mit. Es ist zum Beispiel auch m\u00f6glich, E-Chopper-Fahren und Mini Cooper-Fahren zu kombinieren, wobei sich nach dem Mittagessen eine Gruppe mit der anderen abwechselt. Entspannung und Spa\u00df garantiert. Vor allem, wenn die neue interaktive App eingef\u00fchrt wird. Behalten Sie daf\u00fcr die Website und die sozialen Netzwerke im Auge!<\/p>\n","protected":false},"excerpt":{"rendered":"<p>Mini Hire in Zeeland ist eine Initiative von Lennert Steketee. Dieser junge Unternehmer aus Yerseke streckt gerne seinen Kopf heraus. Neben der Vermietung von Ferienh\u00e4usern in Zeeland begann er mit der Vermietung von Motorrollern, (Elektro-)Fahrr\u00e4dern und sogar Tuktuks und Fatbikes. Ein gro\u00dfer Erfolg. Ein solcher Erfolg, dass er inzwischen auch in Nordbrabant aktiv ist. Ende [&hellip;]<\/p>\n","protected":false},"author":2,"featured_media":558,"parent":0,"menu_order":0,"comment_status":"closed","ping_status":"closed","template":"","meta":{"_acf_changed":false,"footnotes":""},"class_list":["post-610","page","type-page","status-publish","has-post-thumbnail","hentry"],"acf":[],"yoast_head":"<!-- This site is optimized with the Yoast SEO plugin v27.2 - https:\/\/yoast.com\/product\/yoast-seo-wordpress\/ -->\n<title>\u00dcber uns - Mini Huren Zeeland<\/title>\n<meta name=\"description\" content=\"Die Entscheidung, klassische Mini Coopers zu mieten, zeigt einmal mehr, dass Lennert die Nachfrage der Kunden versteht\" \/>\n<meta name=\"robots\" content=\"index, follow, max-snippet:-1, max-image-preview:large, max-video-preview:-1\" \/>\n<link rel=\"canonical\" href=\"https:\/\/www.minihurenzeeland.nl\/de\/ueber-uns\/\" \/>\n<meta property=\"og:locale\" content=\"de_DE\" \/>\n<meta property=\"og:type\" content=\"article\" \/>\n<meta property=\"og:title\" content=\"\u00dcber uns - Mini Huren Zeeland\" \/>\n<meta property=\"og:description\" content=\"Die Entscheidung, klassische Mini Coopers zu mieten, zeigt einmal mehr, dass Lennert die Nachfrage der Kunden versteht\" \/>\n<meta property=\"og:url\" content=\"https:\/\/www.minihurenzeeland.nl\/de\/ueber-uns\/\" \/>\n<meta property=\"og:site_name\" content=\"Mini Huren Zeeland\" \/>\n<meta property=\"article:modified_time\" content=\"2024-06-18T08:53:37+00:00\" \/>\n<meta property=\"og:image\" content=\"https:\/\/www.minihurenzeeland.nl\/wp-content\/uploads\/sites\/3\/2023\/02\/Tourist-Shop-Yerseke-foto-lennert-lenny.jpg\" \/>\n\t<meta property=\"og:image:width\" content=\"374\" \/>\n\t<meta property=\"og:image:height\" content=\"374\" \/>\n\t<meta property=\"og:image:type\" content=\"image\/jpeg\" \/>\n<meta name=\"twitter:card\" content=\"summary_large_image\" \/>\n<meta name=\"twitter:label1\" content=\"Gesch\u00e4tzte Lesezeit\" \/>\n\t<meta name=\"twitter:data1\" content=\"4\u00a0Minuten\" \/>\n<script type=\"application\/ld+json\" class=\"yoast-schema-graph\">{\"@context\":\"https:\/\/schema.org\",\"@graph\":[{\"@type\":\"WebPage\",\"@id\":\"https:\/\/www.minihurenzeeland.nl\/de\/ueber-uns\/\",\"url\":\"https:\/\/www.minihurenzeeland.nl\/de\/ueber-uns\/\",\"name\":\"\u00dcber uns - Mini Huren Zeeland\",\"isPartOf\":{\"@id\":\"https:\/\/www.minihurenzeeland.nl\/de\/#website\"},\"primaryImageOfPage\":{\"@id\":\"https:\/\/www.minihurenzeeland.nl\/de\/ueber-uns\/#primaryimage\"},\"image\":{\"@id\":\"https:\/\/www.minihurenzeeland.nl\/de\/ueber-uns\/#primaryimage\"},\"thumbnailUrl\":\"https:\/\/www.minihurenzeeland.nl\/wp-content\/uploads\/sites\/3\/2023\/02\/Tourist-Shop-Yerseke-foto-lennert-lenny.jpg\",\"datePublished\":\"2023-02-03T11:47:18+00:00\",\"dateModified\":\"2024-06-18T08:53:37+00:00\",\"description\":\"Die Entscheidung, klassische Mini Coopers zu mieten, zeigt einmal mehr, dass Lennert die Nachfrage der Kunden versteht\",\"breadcrumb\":{\"@id\":\"https:\/\/www.minihurenzeeland.nl\/de\/ueber-uns\/#breadcrumb\"},\"inLanguage\":\"de\",\"potentialAction\":[{\"@type\":\"ReadAction\",\"target\":[\"https:\/\/www.minihurenzeeland.nl\/de\/ueber-uns\/\"]}]},{\"@type\":\"ImageObject\",\"inLanguage\":\"de\",\"@id\":\"https:\/\/www.minihurenzeeland.nl\/de\/ueber-uns\/#primaryimage\",\"url\":\"https:\/\/www.minihurenzeeland.nl\/wp-content\/uploads\/sites\/3\/2023\/02\/Tourist-Shop-Yerseke-foto-lennert-lenny.jpg\",\"contentUrl\":\"https:\/\/www.minihurenzeeland.nl\/wp-content\/uploads\/sites\/3\/2023\/02\/Tourist-Shop-Yerseke-foto-lennert-lenny.jpg\",\"width\":374,\"height\":374},{\"@type\":\"BreadcrumbList\",\"@id\":\"https:\/\/www.minihurenzeeland.nl\/de\/ueber-uns\/#breadcrumb\",\"itemListElement\":[{\"@type\":\"ListItem\",\"position\":1,\"name\":\"Home\",\"item\":\"https:\/\/www.minihurenzeeland.nl\/de\/\"},{\"@type\":\"ListItem\",\"position\":2,\"name\":\"\u00dcber uns\"}]},{\"@type\":\"WebSite\",\"@id\":\"https:\/\/www.minihurenzeeland.nl\/de\/#website\",\"url\":\"https:\/\/www.minihurenzeeland.nl\/de\/\",\"name\":\"Mini Huren Zeeland\",\"description\":\"\",\"potentialAction\":[{\"@type\":\"SearchAction\",\"target\":{\"@type\":\"EntryPoint\",\"urlTemplate\":\"https:\/\/www.minihurenzeeland.nl\/de\/?s={search_term_string}\"},\"query-input\":{\"@type\":\"PropertyValueSpecification\",\"valueRequired\":true,\"valueName\":\"search_term_string\"}}],\"inLanguage\":\"de\"}]}<\/script>\n<!-- \/ Yoast SEO plugin. -->","yoast_head_json":{"title":"\u00dcber uns - Mini Huren Zeeland","description":"Die Entscheidung, klassische Mini Coopers zu mieten, zeigt einmal mehr, dass Lennert die Nachfrage der Kunden versteht","robots":{"index":"index","follow":"follow","max-snippet":"max-snippet:-1","max-image-preview":"max-image-preview:large","max-video-preview":"max-video-preview:-1"},"canonical":"https:\/\/www.minihurenzeeland.nl\/de\/ueber-uns\/","og_locale":"de_DE","og_type":"article","og_title":"\u00dcber uns - Mini Huren Zeeland","og_description":"Die Entscheidung, klassische Mini Coopers zu mieten, zeigt einmal mehr, dass Lennert die Nachfrage der Kunden versteht","og_url":"https:\/\/www.minihurenzeeland.nl\/de\/ueber-uns\/","og_site_name":"Mini Huren Zeeland","article_modified_time":"2024-06-18T08:53:37+00:00","og_image":[{"width":374,"height":374,"url":"https:\/\/www.minihurenzeeland.nl\/wp-content\/uploads\/sites\/3\/2023\/02\/Tourist-Shop-Yerseke-foto-lennert-lenny.jpg","type":"image\/jpeg"}],"twitter_card":"summary_large_image","twitter_misc":{"Gesch\u00e4tzte Lesezeit":"4\u00a0Minuten"},"schema":{"@context":"https:\/\/schema.org","@graph":[{"@type":"WebPage","@id":"https:\/\/www.minihurenzeeland.nl\/de\/ueber-uns\/","url":"https:\/\/www.minihurenzeeland.nl\/de\/ueber-uns\/","name":"\u00dcber uns - Mini Huren Zeeland","isPartOf":{"@id":"https:\/\/www.minihurenzeeland.nl\/de\/#website"},"primaryImageOfPage":{"@id":"https:\/\/www.minihurenzeeland.nl\/de\/ueber-uns\/#primaryimage"},"image":{"@id":"https:\/\/www.minihurenzeeland.nl\/de\/ueber-uns\/#primaryimage"},"thumbnailUrl":"https:\/\/www.minihurenzeeland.nl\/wp-content\/uploads\/sites\/3\/2023\/02\/Tourist-Shop-Yerseke-foto-lennert-lenny.jpg","datePublished":"2023-02-03T11:47:18+00:00","dateModified":"2024-06-18T08:53:37+00:00","description":"Die Entscheidung, klassische Mini Coopers zu mieten, zeigt einmal mehr, dass Lennert die Nachfrage der Kunden versteht","breadcrumb":{"@id":"https:\/\/www.minihurenzeeland.nl\/de\/ueber-uns\/#breadcrumb"},"inLanguage":"de","potentialAction":[{"@type":"ReadAction","target":["https:\/\/www.minihurenzeeland.nl\/de\/ueber-uns\/"]}]},{"@type":"ImageObject","inLanguage":"de","@id":"https:\/\/www.minihurenzeeland.nl\/de\/ueber-uns\/#primaryimage","url":"https:\/\/www.minihurenzeeland.nl\/wp-content\/uploads\/sites\/3\/2023\/02\/Tourist-Shop-Yerseke-foto-lennert-lenny.jpg","contentUrl":"https:\/\/www.minihurenzeeland.nl\/wp-content\/uploads\/sites\/3\/2023\/02\/Tourist-Shop-Yerseke-foto-lennert-lenny.jpg","width":374,"height":374},{"@type":"BreadcrumbList","@id":"https:\/\/www.minihurenzeeland.nl\/de\/ueber-uns\/#breadcrumb","itemListElement":[{"@type":"ListItem","position":1,"name":"Home","item":"https:\/\/www.minihurenzeeland.nl\/de\/"},{"@type":"ListItem","position":2,"name":"\u00dcber uns"}]},{"@type":"WebSite","@id":"https:\/\/www.minihurenzeeland.nl\/de\/#website","url":"https:\/\/www.minihurenzeeland.nl\/de\/","name":"Mini Huren Zeeland","description":"","potentialAction":[{"@type":"SearchAction","target":{"@type":"EntryPoint","urlTemplate":"https:\/\/www.minihurenzeeland.nl\/de\/?s={search_term_string}"},"query-input":{"@type":"PropertyValueSpecification","valueRequired":true,"valueName":"search_term_string"}}],"inLanguage":"de"}]}},"_links":{"self":[{"href":"https:\/\/www.minihurenzeeland.nl\/de\/wp-json\/wp\/v2\/pages\/610","targetHints":{"allow":["GET"]}}],"collection":[{"href":"https:\/\/www.minihurenzeeland.nl\/de\/wp-json\/wp\/v2\/pages"}],"about":[{"href":"https:\/\/www.minihurenzeeland.nl\/de\/wp-json\/wp\/v2\/types\/page"}],"author":[{"embeddable":true,"href":"https:\/\/www.minihurenzeeland.nl\/de\/wp-json\/wp\/v2\/users\/2"}],"replies":[{"embeddable":true,"href":"https:\/\/www.minihurenzeeland.nl\/de\/wp-json\/wp\/v2\/comments?post=610"}],"version-history":[{"count":1,"href":"https:\/\/www.minihurenzeeland.nl\/de\/wp-json\/wp\/v2\/pages\/610\/revisions"}],"predecessor-version":[{"id":652,"href":"https:\/\/www.minihurenzeeland.nl\/de\/wp-json\/wp\/v2\/pages\/610\/revisions\/652"}],"wp:featuredmedia":[{"embeddable":true,"href":"https:\/\/www.minihurenzeeland.nl\/de\/wp-json\/wp\/v2\/media\/558"}],"wp:attachment":[{"href":"https:\/\/www.minihurenzeeland.nl\/de\/wp-json\/wp\/v2\/media?parent=610"}],"curies":[{"name":"wp","href":"https:\/\/api.w.org\/{rel}","templated":true}]}}