{"id":608,"date":"2022-11-22T16:27:44","date_gmt":"2022-11-22T16:27:44","guid":{"rendered":"https:\/\/www.minihurenzeeland.nl\/allgemeine-bedingungen-und-konditionen\/"},"modified":"2024-06-18T08:53:25","modified_gmt":"2024-06-18T08:53:25","slug":"allgemeine-bedingungen-und-konditionen","status":"publish","type":"page","link":"https:\/\/www.minihurenzeeland.nl\/de\/allgemeine-bedingungen-und-konditionen\/","title":{"rendered":"Allgemeine Bedingungen und Konditionen"},"content":{"rendered":"<p>Die folgenden Allgemeinen Mietbedingungen beziehen sich auf die Vermietung von Minis und Zubeh\u00f6r durch Mini Huren Zeeland. Mini Huren Zeeland ist ein Handelsname von Blue Green Holiday in Yerseke und ist bei der Handelskammer unter der Nummer 69708827 registriert. Mit Vermieter ist gemeint: Mini Huren Zeeland; Ein Vermietungsort ist ein Ort, an dem Mini Huren Zeeland oder ein Dritter den Mietgegenstand zu Beginn des Mietzeitraums in Empfang nimmt und am Ende des Mietzeitraums zur\u00fcckgeben muss. Vermieter bedeutet: Die nat\u00fcrliche oder juristische Person, die den Mietvertrag als Mieter abschlie\u00dft, und die tats\u00e4chlichen Fahrer des Fahrzeugs; Mit dem gemieteten Fahrzeug ist gemeint: Mini (Auto) und alles Zubeh\u00f6r, wie im Mietvertrag angegeben;<\/p>\n<p><strong>Artikel 1:<\/strong><br \/>\nEs wird davon ausgegangen, dass der Mieter das Mietobjekt in gutem Zustand erhalten hat und es vor der Abreise \u00fcberpr\u00fcft hat. Es wird davon ausgegangen, dass der Vermieter die Mietsache in gutem Zustand \u00fcbergeben hat. Sollten w\u00e4hrend der Fahrt technische Probleme auftreten, wird vom Mieter erwartet, dass er den Vermieter so schnell wie m\u00f6glich kontaktiert. Der Vermieter sorgt f\u00fcr einen Ersatztransport, falls verf\u00fcgbar. Falls dies nicht m\u00f6glich ist, erstattet der Vermieter dem Mieter den Mietbetrag abz\u00fcglich der verstrichenen Zeit\/gefahrenen Kilometer f\u00fcr das jeweilige Fahrzeug;<\/p>\n<p><strong>Artikel 2:<\/strong><br \/>\nDer Mieter erkl\u00e4rt, dass alle Personen in seiner reservierten Gruppe diese Allgemeinen Mietbedingungen gelesen haben. Der Mini darf nur von Personen gefahren werden, die mindestens 23 Jahre alt und seit mindestens einem Jahr im Besitz eines g\u00fcltigen niederl\u00e4ndischen F\u00fchrerscheins (B) sind.<\/p>\n<p><strong>Artikel 3:<\/strong><br \/>\nDer Mieter h\u00e4lt sich jederzeit an die geltenden Gesetze und Verkehrsvorschriften, verpflichtet sich, nur befestigte Stra\u00dfen und asphaltierte Radwege zu benutzen und stets verantwortungsvoll mit dem Mietobjekt umzugehen. Es ist verboten, vor oder w\u00e4hrend des Mietzeitraums von oder gegen Bordsteine zu fahren, Alkohol, Drogen und\/oder Medikamente (die die Fahrt\u00fcchtigkeit beeintr\u00e4chtigen k\u00f6nnen) zu konsumieren;<\/p>\n<p><strong>Artikel 4:<\/strong><br \/>\nEs ist ausdr\u00fccklich verboten, unbefestigte Stra\u00dfen zu befahren. Dazu geh\u00f6ren: D\u00fcnen, Waldwege und Strand etc&#8230;. .<\/p>\n<p><strong>Artikel 5:<\/strong><br \/>\nDer Mieter muss den Gesamtbetrag des Vertrages vor Beginn des Mietverh\u00e4ltnisses bezahlt haben.<\/p>\n<p><strong>Artikel 6:<\/strong><br \/>\nDas gemietete Objekt ist WA-versichert. Die Selbstbeteiligung pro Veranstaltung betr\u00e4gt \u20ac 1.000,- Der Mieter haftet in vollem Umfang f\u00fcr alle von ihm verursachten Sch\u00e4den. Alle Sch\u00e4den (einschlie\u00dflich Diebstahl) am Mietobjekt oder an anderem Eigentum des Vermieters, wie auch immer sie verursacht wurden oder entstanden sind, unabh\u00e4ngig davon, ob sie auf das Verschulden des Mieters oder Dritter zur\u00fcckzuf\u00fchren sind, gehen zu Lasten des Mieters. Der Mieter ist verpflichtet, die anfallenden Reparaturkosten sowie die Kosten f\u00fcr den Ersatz, einschlie\u00dflich der Kosten f\u00fcr besch\u00e4digte Teile, sofort und unverz\u00fcglich zu erstatten. Wird der Gesamtschaden nicht sofort beglichen, gehen nicht nur die Kosten des Schadens, sondern auch alle Wiederherstellungskosten, wie z.B. Folgesch\u00e4den, zu Lasten des Mieters.<\/p>\n<p><strong>Artikel 7:<\/strong><br \/>\nDas Rauchen ist in einem Mietwagen verboten.<\/p>\n<p><strong>Artikel 8:<\/strong><br \/>\nEin kleiner bis mittelgro\u00dfer, gewaschener und gek\u00e4mmter Hund kann mitkommen. Wir bitten Sie, den Hund nicht auf die Polsterm\u00f6bel des Oldtimers zu lassen. Dies ist auf m\u00f6gliche Allergien anderer Kunden zur\u00fcckzuf\u00fchren. Wir berechnen 25 \u20ac f\u00fcr das Mitbringen Ihres Hundes.<\/p>\n<p><strong>Artikel 9:<\/strong><br \/>\nDie Autos werden in den Niederlanden bleiben. Sie d\u00fcrfen also zum Beispiel nicht nach Deutschland oder Belgien reisen.<\/p>\n<p><strong>Artikel 10:<\/strong><br \/>\nIn einem Mietwagen k\u00f6nnen bis zu vier Personen Platz nehmen, unsere Empfehlung ist maximal drei Erwachsene.<\/p>\n<p><strong>Artikel 11:<\/strong><br \/>\nDie Kraftstoffkosten gehen zu Lasten des Mieters. Das Auto l\u00e4uft mit e5 (Euro 98). Das Auto wird mit vollem Tank gemietet und mit vollem Tank zur\u00fcckgegeben. Wenn der Mieter keinen vollen Tank abliefert, werden die Treibstoffkosten in Rechnung gestellt, zuz\u00fcglich 5 \u20ac Bearbeitungsgeb\u00fchr.<\/p>\n<p><strong>Artikel 12:<\/strong><br \/>\nBeim Parken ist der Mieter oder Fahrer verpflichtet, den Schl\u00fcssel aus dem Z\u00fcndschloss zu ziehen, Zubeh\u00f6r, das nicht untrennbar mit dem Fahrzeug verbunden ist, mitzunehmen und mit dem daf\u00fcr vorgesehenen Schloss abzuschlie\u00dfen. Der Mieter ist f\u00fcr die ordnungsgem\u00e4\u00dfe Aufbewahrung des Fahrzeugs verantwortlich und haftbar. Die Fahrzeuge d\u00fcrfen niemals unbeaufsichtigt gelassen werden;<\/p>\n<p><strong>Artikel 13:<\/strong><br \/>\nDer Mieter haftet f\u00fcr Sch\u00e4den infolge von Diebstahl sowie f\u00fcr alle anderen Sch\u00e4den, die, wie auch immer sie genannt werden und wie auch immer sie entstanden sind, am Mietobjekt verursacht wurden oder entstanden sind, unabh\u00e4ngig davon, ob sie auf ein Verschulden des Mieters oder eines Dritten zur\u00fcckzuf\u00fchren sind. Im Falle eines Schadens muss der Vermieter jederzeit informiert werden und ein Schadensformular muss an Ort und Stelle ausgef\u00fcllt werden. Im Falle eines Diebstahls oder Verlusts haftet der Mieter f\u00fcr den Wiederbeschaffungswert des Mietobjekts, dies beinhaltet nicht den Mietausfall. Der Mieter erstattet dem Vermieter die Kosten f\u00fcr die Reparatur oder den Ersatz, einschlie\u00dflich der Kosten f\u00fcr besch\u00e4digte Teile, die sich aus den oben genannten Punkten ergeben. Im Vorgriff auf die endg\u00fcltige Entsch\u00e4digung nach der Begutachtung wird die in Artikel 5 genannte Selbstbeteiligung von \u20ac 1.000,00 bereits in Rechnung gestellt und muss vor Ort bezahlt werden. Nach der Begutachtung oder Reparatur wird der gesamte Schadensbetrag in Rechnung gestellt, der sofort bezahlt werden muss. Wenn der gesamte Schaden nicht sofort bezahlt wird, werden dem Vermieter nicht nur die Kosten des Schadens, sondern auch die (g\u00fctlichen) Inkassokosten, die Zinsen und die daraus resultierenden Gerichtskosten in Rechnung gestellt;<\/p>\n<p><strong>Artikel 14:<\/strong><br \/>\nDie Anmietung der Fahrzeuge erfolgt auf Ihr eigenes Risiko. Der Vermieter haftet nicht f\u00fcr Sch\u00e4den jeglicher Art, die w\u00e4hrend der Mietzeit am Mieter, an Dritten und\/oder an Sachen entstehen. Verkehrsverst\u00f6\u00dfe und daraus resultierende Kosten liegen in der Verantwortung des Mieters, werden in Rechnung gestellt und m\u00fcssen bei R\u00fcckgabe bezahlt werden;<\/p>\n<p><strong>Artikel 15:<\/strong><br \/>\nEs ist dem Mieter nicht gestattet, das Mietobjekt an Dritte zur Nutzung oder Untervermietung abzutreten oder die Mietrechte ganz oder teilweise an Dritte zu \u00fcbertragen;<\/p>\n<p><strong>Artikel 16:<\/strong><br \/>\nIm Falle einer vorzeitigen R\u00fcckgabe wird die volle Miete weiter berechnet. Bei \u00dcberschreitung der vereinbarten Mietzeit wird ein sofort f\u00e4lliger Aufpreis von 25 \u20ac pro verstrichener Stunde pro Mini berechnet. Wird der Mietgegenstand nicht rechtzeitig innerhalb der maximal vereinbarten Frist an den Vermieter zur\u00fcckgegeben, schuldet der Mieter dem Vermieter eine Vertragsstrafe in H\u00f6he von \u20ac 250 pro Tag f\u00fcr jeden Tag, an dem der Mietgegenstand nicht rechtzeitig zur\u00fcckgegeben wird, ohne dass eine Inverzugsetzung erforderlich ist. Die R\u00fcckgabe des Mietobjekts kann bis sp\u00e4testens zu einem vorher vereinbarten Zeitpunkt erfolgen.<\/p>\n<p><strong>Artikel 17:<\/strong><br \/>\nDer Vermieter ist jederzeit berechtigt, die Mietsache nach einem angeblichen Missbrauch ohne R\u00fcckerstattung des Mietbetrags zur\u00fcckzunehmen;<\/p>\n<p><strong>Artikel 18:<\/strong><br \/>\nDer Vermieter hat das Recht, unter bestimmten Witterungsbedingungen ohne gegenseitige Kosten zu stornieren, wenn die Sicherheit gef\u00e4hrdet ist, dies liegt im Ermessen des Vermieters;<\/p>\n<p><strong>Artikel 19:<\/strong><br \/>\nBei schlechten Wettervorhersagen k\u00f6nnen Sie bis zu 24 Stunden im Voraus telefonisch umbuchen. M\u00f6chten Sie die Reservierung stornieren? Dies kann bis zu 48 Tage im Voraus v\u00f6llig kostenlos geschehen. Danach sind wir gezwungen, 50% des Buchungsbetrags zu berechnen.<\/p>\n<p><strong>Artikel 20:<\/strong><br \/>\nDer Mieter zahlt eine Kaution von \u20ac250,00 vor dem reservierten Mietzeitraum. F\u00fcr jeden weiteren Mini werden 100 \u20ac hinzugef\u00fcgt. Die Kaution kann im Voraus \u00fcberwiesen oder bei Antritt der Reise bezahlt werden. Diese Kaution wird zur\u00fcckerstattet, wenn das Mietobjekt in demselben Zustand zur\u00fcckgegeben wird, in dem Sie es erhalten haben. Der Vermieter ist berechtigt, den Schadensbetrag mit der vorausbezahlten Kaution zu verrechnen, unbeschadet des Rechts des Vermieters auf zus\u00e4tzlichen Schadensersatz. Innerhalb von f\u00fcnf Werktagen nach dem Anmietdatum wird der volle Kautionsbetrag auf das von Ihnen angegebene Konto zur\u00fcckgebucht, wenn keine Sch\u00e4den vorliegen.<\/p>\n<p><strong>Artikel 21:<\/strong><br \/>\nUnsere Allgemeinen Mietbedingungen und Mietvertr\u00e4ge unterliegen dem niederl\u00e4ndischen Recht.<\/p>\n","protected":false},"excerpt":{"rendered":"<p>Die folgenden Allgemeinen Mietbedingungen beziehen sich auf die Vermietung von Minis und Zubeh\u00f6r durch Mini Huren Zeeland. Mini Huren Zeeland ist ein Handelsname von Blue Green Holiday in Yerseke und ist bei der Handelskammer unter der Nummer 69708827 registriert. Mit Vermieter ist gemeint: Mini Huren Zeeland; Ein Vermietungsort ist ein Ort, an dem Mini Huren [&hellip;]<\/p>\n","protected":false},"author":1,"featured_media":0,"parent":0,"menu_order":0,"comment_status":"closed","ping_status":"closed","template":"","meta":{"_acf_changed":false,"footnotes":""},"class_list":["post-608","page","type-page","status-publish","hentry"],"acf":[],"yoast_head":"<!-- This site is optimized with the Yoast SEO plugin v27.2 - https:\/\/yoast.com\/product\/yoast-seo-wordpress\/ -->\n<title>Allgemeine Bedingungen und Konditionen - Mini Huren Zeeland<\/title>\n<meta name=\"robots\" content=\"index, follow, max-snippet:-1, max-image-preview:large, max-video-preview:-1\" \/>\n<link rel=\"canonical\" href=\"https:\/\/www.minihurenzeeland.nl\/de\/allgemeine-bedingungen-und-konditionen\/\" \/>\n<meta property=\"og:locale\" content=\"de_DE\" \/>\n<meta property=\"og:type\" content=\"article\" \/>\n<meta property=\"og:title\" content=\"Allgemeine Bedingungen und Konditionen - Mini Huren Zeeland\" \/>\n<meta property=\"og:description\" content=\"Die folgenden Allgemeinen Mietbedingungen beziehen sich auf die Vermietung von Minis und Zubeh\u00f6r durch Mini Huren Zeeland. Mini Huren Zeeland ist ein Handelsname von Blue Green Holiday in Yerseke und ist bei der Handelskammer unter der Nummer 69708827 registriert. Mit Vermieter ist gemeint: Mini Huren Zeeland; Ein Vermietungsort ist ein Ort, an dem Mini Huren [&hellip;]\" \/>\n<meta property=\"og:url\" content=\"https:\/\/www.minihurenzeeland.nl\/de\/allgemeine-bedingungen-und-konditionen\/\" \/>\n<meta property=\"og:site_name\" content=\"Mini Huren Zeeland\" \/>\n<meta property=\"article:modified_time\" content=\"2024-06-18T08:53:25+00:00\" \/>\n<meta name=\"twitter:card\" content=\"summary_large_image\" \/>\n<meta name=\"twitter:label1\" content=\"Gesch\u00e4tzte Lesezeit\" \/>\n\t<meta name=\"twitter:data1\" content=\"6\u00a0Minuten\" \/>\n<script type=\"application\/ld+json\" class=\"yoast-schema-graph\">{\"@context\":\"https:\/\/schema.org\",\"@graph\":[{\"@type\":\"WebPage\",\"@id\":\"https:\/\/www.minihurenzeeland.nl\/de\/allgemeine-bedingungen-und-konditionen\/\",\"url\":\"https:\/\/www.minihurenzeeland.nl\/de\/allgemeine-bedingungen-und-konditionen\/\",\"name\":\"Allgemeine Bedingungen und Konditionen - Mini Huren Zeeland\",\"isPartOf\":{\"@id\":\"https:\/\/www.minihurenzeeland.nl\/de\/#website\"},\"datePublished\":\"2022-11-22T16:27:44+00:00\",\"dateModified\":\"2024-06-18T08:53:25+00:00\",\"breadcrumb\":{\"@id\":\"https:\/\/www.minihurenzeeland.nl\/de\/allgemeine-bedingungen-und-konditionen\/#breadcrumb\"},\"inLanguage\":\"de\",\"potentialAction\":[{\"@type\":\"ReadAction\",\"target\":[\"https:\/\/www.minihurenzeeland.nl\/de\/allgemeine-bedingungen-und-konditionen\/\"]}]},{\"@type\":\"BreadcrumbList\",\"@id\":\"https:\/\/www.minihurenzeeland.nl\/de\/allgemeine-bedingungen-und-konditionen\/#breadcrumb\",\"itemListElement\":[{\"@type\":\"ListItem\",\"position\":1,\"name\":\"Home\",\"item\":\"https:\/\/www.minihurenzeeland.nl\/de\/\"},{\"@type\":\"ListItem\",\"position\":2,\"name\":\"Allgemeine Bedingungen und Konditionen\"}]},{\"@type\":\"WebSite\",\"@id\":\"https:\/\/www.minihurenzeeland.nl\/de\/#website\",\"url\":\"https:\/\/www.minihurenzeeland.nl\/de\/\",\"name\":\"Mini Huren Zeeland\",\"description\":\"\",\"potentialAction\":[{\"@type\":\"SearchAction\",\"target\":{\"@type\":\"EntryPoint\",\"urlTemplate\":\"https:\/\/www.minihurenzeeland.nl\/de\/?s={search_term_string}\"},\"query-input\":{\"@type\":\"PropertyValueSpecification\",\"valueRequired\":true,\"valueName\":\"search_term_string\"}}],\"inLanguage\":\"de\"}]}<\/script>\n<!-- \/ Yoast SEO plugin. -->","yoast_head_json":{"title":"Allgemeine Bedingungen und Konditionen - Mini Huren Zeeland","robots":{"index":"index","follow":"follow","max-snippet":"max-snippet:-1","max-image-preview":"max-image-preview:large","max-video-preview":"max-video-preview:-1"},"canonical":"https:\/\/www.minihurenzeeland.nl\/de\/allgemeine-bedingungen-und-konditionen\/","og_locale":"de_DE","og_type":"article","og_title":"Allgemeine Bedingungen und Konditionen - Mini Huren Zeeland","og_description":"Die folgenden Allgemeinen Mietbedingungen beziehen sich auf die Vermietung von Minis und Zubeh\u00f6r durch Mini Huren Zeeland. Mini Huren Zeeland ist ein Handelsname von Blue Green Holiday in Yerseke und ist bei der Handelskammer unter der Nummer 69708827 registriert. Mit Vermieter ist gemeint: Mini Huren Zeeland; Ein Vermietungsort ist ein Ort, an dem Mini Huren [&hellip;]","og_url":"https:\/\/www.minihurenzeeland.nl\/de\/allgemeine-bedingungen-und-konditionen\/","og_site_name":"Mini Huren Zeeland","article_modified_time":"2024-06-18T08:53:25+00:00","twitter_card":"summary_large_image","twitter_misc":{"Gesch\u00e4tzte Lesezeit":"6\u00a0Minuten"},"schema":{"@context":"https:\/\/schema.org","@graph":[{"@type":"WebPage","@id":"https:\/\/www.minihurenzeeland.nl\/de\/allgemeine-bedingungen-und-konditionen\/","url":"https:\/\/www.minihurenzeeland.nl\/de\/allgemeine-bedingungen-und-konditionen\/","name":"Allgemeine Bedingungen und Konditionen - Mini Huren Zeeland","isPartOf":{"@id":"https:\/\/www.minihurenzeeland.nl\/de\/#website"},"datePublished":"2022-11-22T16:27:44+00:00","dateModified":"2024-06-18T08:53:25+00:00","breadcrumb":{"@id":"https:\/\/www.minihurenzeeland.nl\/de\/allgemeine-bedingungen-und-konditionen\/#breadcrumb"},"inLanguage":"de","potentialAction":[{"@type":"ReadAction","target":["https:\/\/www.minihurenzeeland.nl\/de\/allgemeine-bedingungen-und-konditionen\/"]}]},{"@type":"BreadcrumbList","@id":"https:\/\/www.minihurenzeeland.nl\/de\/allgemeine-bedingungen-und-konditionen\/#breadcrumb","itemListElement":[{"@type":"ListItem","position":1,"name":"Home","item":"https:\/\/www.minihurenzeeland.nl\/de\/"},{"@type":"ListItem","position":2,"name":"Allgemeine Bedingungen und Konditionen"}]},{"@type":"WebSite","@id":"https:\/\/www.minihurenzeeland.nl\/de\/#website","url":"https:\/\/www.minihurenzeeland.nl\/de\/","name":"Mini Huren Zeeland","description":"","potentialAction":[{"@type":"SearchAction","target":{"@type":"EntryPoint","urlTemplate":"https:\/\/www.minihurenzeeland.nl\/de\/?s={search_term_string}"},"query-input":{"@type":"PropertyValueSpecification","valueRequired":true,"valueName":"search_term_string"}}],"inLanguage":"de"}]}},"_links":{"self":[{"href":"https:\/\/www.minihurenzeeland.nl\/de\/wp-json\/wp\/v2\/pages\/608","targetHints":{"allow":["GET"]}}],"collection":[{"href":"https:\/\/www.minihurenzeeland.nl\/de\/wp-json\/wp\/v2\/pages"}],"about":[{"href":"https:\/\/www.minihurenzeeland.nl\/de\/wp-json\/wp\/v2\/types\/page"}],"author":[{"embeddable":true,"href":"https:\/\/www.minihurenzeeland.nl\/de\/wp-json\/wp\/v2\/users\/1"}],"replies":[{"embeddable":true,"href":"https:\/\/www.minihurenzeeland.nl\/de\/wp-json\/wp\/v2\/comments?post=608"}],"version-history":[{"count":1,"href":"https:\/\/www.minihurenzeeland.nl\/de\/wp-json\/wp\/v2\/pages\/608\/revisions"}],"predecessor-version":[{"id":648,"href":"https:\/\/www.minihurenzeeland.nl\/de\/wp-json\/wp\/v2\/pages\/608\/revisions\/648"}],"wp:attachment":[{"href":"https:\/\/www.minihurenzeeland.nl\/de\/wp-json\/wp\/v2\/media?parent=608"}],"curies":[{"name":"wp","href":"https:\/\/api.w.org\/{rel}","templated":true}]}}