{"id":607,"date":"2022-11-22T16:17:37","date_gmt":"2022-11-22T16:17:37","guid":{"rendered":"https:\/\/www.minihurenzeeland.nl\/startseite\/"},"modified":"2024-06-18T08:53:22","modified_gmt":"2024-06-18T08:53:22","slug":"startseite","status":"publish","type":"page","link":"https:\/\/www.minihurenzeeland.nl\/de\/","title":{"rendered":"Startseite"},"content":{"rendered":"<p>Im Herzen der Provinz Zeeland k\u00f6nnen Sie authentische Mini Coopers aus den 1970er und 1980er Jahren mieten. Ein Riesenspa\u00df, denn der Mini Cooper hat sich als einer der spa\u00dfigsten Oldtimer erwiesen. Diejenigen, die einsteigen, w\u00e4hnen sich in der Zeit zur\u00fcck. Wie lustig ist das denn? Bei Mini Huren Zeeland gibt es viele M\u00f6glichkeiten, einen Mini Cooper zu mieten. Sie machen sich allein oder mit Ihrer Gruppe auf den Weg zu einer landschaftlich reizvollen Route durch Zeeland. Oder Sie entscheiden sich f\u00fcr ein kulinarisches Komplettpaket, das Sie zu einigen schmackhaften Adressen f\u00fchrt. Dort werden Sie k\u00f6stliche (regionale) Gerichte genie\u00dfen und auch etwas \u00fcber das sch\u00f6ne Zuid-Beveland erfahren. Ein zus\u00e4tzlicher Spa\u00df ist das <a href=\"http:\/\/www.route2play.com\">Route2play-Spiel<\/a>, bei dem Sie auf unterhaltsame Weise gegeneinander antreten.<\/p>\n<p>Sind Sie neugierig, was alles m\u00f6glich ist? St\u00f6bern Sie auf dieser Website, auf der Sie eine F\u00fclle von Informationen finden. Wenn Sie weitere Fragen haben, k\u00f6nnen Sie uns gerne <a href=\"https:\/\/www.minihurenzeeland.nl\/contact-2\/\">anrufen oder eine E-Mail schreiben<\/a>.<\/p>\n<div style=\"width: 1920px;\" class=\"wp-video\"><video class=\"wp-video-shortcode\" id=\"video-607-1\" width=\"1920\" height=\"1080\" preload=\"metadata\" controls=\"controls\"><source type=\"video\/mp4\" src=\"https:\/\/www.minihurenzeeland.nl\/wp-content\/uploads\/sites\/3\/2023\/01\/minis.mp4?_=1\" \/><a href=\"https:\/\/www.minihurenzeeland.nl\/wp-content\/uploads\/sites\/3\/2023\/01\/minis.mp4\">https:\/\/www.minihurenzeeland.nl\/wp-content\/uploads\/sites\/3\/2023\/01\/minis.mp4<\/a><\/video><\/div>\n","protected":false},"excerpt":{"rendered":"<p>Im Herzen der Provinz Zeeland k\u00f6nnen Sie authentische Mini Coopers aus den 1970er und 1980er Jahren mieten. Ein Riesenspa\u00df, denn der Mini Cooper hat sich als einer der spa\u00dfigsten Oldtimer erwiesen. Diejenigen, die einsteigen, w\u00e4hnen sich in der Zeit zur\u00fcck. Wie lustig ist das denn? Bei Mini Huren Zeeland gibt es viele M\u00f6glichkeiten, einen Mini [&hellip;]<\/p>\n","protected":false},"author":1,"featured_media":594,"parent":0,"menu_order":0,"comment_status":"closed","ping_status":"closed","template":"","meta":{"_acf_changed":false,"footnotes":""},"class_list":["post-607","page","type-page","status-publish","has-post-thumbnail","hentry"],"acf":[],"yoast_head":"<!-- This site is optimized with the Yoast SEO plugin v27.2 - https:\/\/yoast.com\/product\/yoast-seo-wordpress\/ -->\n<title>Startseite - Mini Huren Zeeland<\/title>\n<meta name=\"description\" content=\"Bei Mini Huren Zeeland gibt es viele M\u00f6glichkeiten, einen Mini Cooper zu mieten. Sie gehen allein oder in Begleitung auf eine (aktive) Route.\" \/>\n<meta name=\"robots\" content=\"index, follow, max-snippet:-1, max-image-preview:large, max-video-preview:-1\" \/>\n<link rel=\"canonical\" href=\"https:\/\/www.minihurenzeeland.nl\/de\/\" \/>\n<meta property=\"og:locale\" content=\"de_DE\" \/>\n<meta property=\"og:type\" content=\"article\" \/>\n<meta property=\"og:title\" content=\"Startseite - Mini Huren Zeeland\" \/>\n<meta property=\"og:description\" content=\"Bei Mini Huren Zeeland gibt es viele M\u00f6glichkeiten, einen Mini Cooper zu mieten. Sie gehen allein oder in Begleitung auf eine (aktive) Route.\" \/>\n<meta property=\"og:url\" content=\"https:\/\/www.minihurenzeeland.nl\/de\/\" \/>\n<meta property=\"og:site_name\" content=\"Mini Huren Zeeland\" \/>\n<meta property=\"article:modified_time\" content=\"2024-06-18T08:53:22+00:00\" \/>\n<meta property=\"og:image\" content=\"https:\/\/www.minihurenzeeland.nl\/wp-content\/uploads\/sites\/3\/2023\/01\/mini-028-scaled.jpg\" \/>\n\t<meta property=\"og:image:width\" content=\"2560\" \/>\n\t<meta property=\"og:image:height\" content=\"1707\" \/>\n\t<meta property=\"og:image:type\" content=\"image\/jpeg\" \/>\n<meta name=\"twitter:card\" content=\"summary_large_image\" \/>\n<meta name=\"twitter:label1\" content=\"Gesch\u00e4tzte Lesezeit\" \/>\n\t<meta name=\"twitter:data1\" content=\"1\u00a0Minute\" \/>\n<script type=\"application\/ld+json\" class=\"yoast-schema-graph\">{\"@context\":\"https:\/\/schema.org\",\"@graph\":[{\"@type\":\"WebPage\",\"@id\":\"https:\/\/www.minihurenzeeland.nl\/de\/\",\"url\":\"https:\/\/www.minihurenzeeland.nl\/de\/\",\"name\":\"Startseite - Mini Huren Zeeland\",\"isPartOf\":{\"@id\":\"https:\/\/www.minihurenzeeland.nl\/de\/#website\"},\"primaryImageOfPage\":{\"@id\":\"https:\/\/www.minihurenzeeland.nl\/de\/#primaryimage\"},\"image\":{\"@id\":\"https:\/\/www.minihurenzeeland.nl\/de\/#primaryimage\"},\"thumbnailUrl\":\"https:\/\/www.minihurenzeeland.nl\/wp-content\/uploads\/sites\/3\/2023\/01\/mini-028-scaled.jpg\",\"datePublished\":\"2022-11-22T16:17:37+00:00\",\"dateModified\":\"2024-06-18T08:53:22+00:00\",\"description\":\"Bei Mini Huren Zeeland gibt es viele M\u00f6glichkeiten, einen Mini Cooper zu mieten. Sie gehen allein oder in Begleitung auf eine (aktive) Route.\",\"breadcrumb\":{\"@id\":\"https:\/\/www.minihurenzeeland.nl\/de\/#breadcrumb\"},\"inLanguage\":\"de\",\"potentialAction\":[{\"@type\":\"ReadAction\",\"target\":[\"https:\/\/www.minihurenzeeland.nl\/de\/\"]}]},{\"@type\":\"ImageObject\",\"inLanguage\":\"de\",\"@id\":\"https:\/\/www.minihurenzeeland.nl\/de\/#primaryimage\",\"url\":\"https:\/\/www.minihurenzeeland.nl\/wp-content\/uploads\/sites\/3\/2023\/01\/mini-028-scaled.jpg\",\"contentUrl\":\"https:\/\/www.minihurenzeeland.nl\/wp-content\/uploads\/sites\/3\/2023\/01\/mini-028-scaled.jpg\",\"width\":2560,\"height\":1707},{\"@type\":\"BreadcrumbList\",\"@id\":\"https:\/\/www.minihurenzeeland.nl\/de\/#breadcrumb\",\"itemListElement\":[{\"@type\":\"ListItem\",\"position\":1,\"name\":\"Home\",\"item\":\"https:\/\/www.minihurenzeeland.nl\/de\/\"},{\"@type\":\"ListItem\",\"position\":2,\"name\":\"Startseite\"}]},{\"@type\":\"WebSite\",\"@id\":\"https:\/\/www.minihurenzeeland.nl\/de\/#website\",\"url\":\"https:\/\/www.minihurenzeeland.nl\/de\/\",\"name\":\"Mini Huren Zeeland\",\"description\":\"\",\"potentialAction\":[{\"@type\":\"SearchAction\",\"target\":{\"@type\":\"EntryPoint\",\"urlTemplate\":\"https:\/\/www.minihurenzeeland.nl\/de\/?s={search_term_string}\"},\"query-input\":{\"@type\":\"PropertyValueSpecification\",\"valueRequired\":true,\"valueName\":\"search_term_string\"}}],\"inLanguage\":\"de\"}]}<\/script>\n<!-- \/ Yoast SEO plugin. -->","yoast_head_json":{"title":"Startseite - Mini Huren Zeeland","description":"Bei Mini Huren Zeeland gibt es viele M\u00f6glichkeiten, einen Mini Cooper zu mieten. Sie gehen allein oder in Begleitung auf eine (aktive) Route.","robots":{"index":"index","follow":"follow","max-snippet":"max-snippet:-1","max-image-preview":"max-image-preview:large","max-video-preview":"max-video-preview:-1"},"canonical":"https:\/\/www.minihurenzeeland.nl\/de\/","og_locale":"de_DE","og_type":"article","og_title":"Startseite - Mini Huren Zeeland","og_description":"Bei Mini Huren Zeeland gibt es viele M\u00f6glichkeiten, einen Mini Cooper zu mieten. Sie gehen allein oder in Begleitung auf eine (aktive) Route.","og_url":"https:\/\/www.minihurenzeeland.nl\/de\/","og_site_name":"Mini Huren Zeeland","article_modified_time":"2024-06-18T08:53:22+00:00","og_image":[{"width":2560,"height":1707,"url":"https:\/\/www.minihurenzeeland.nl\/wp-content\/uploads\/sites\/3\/2023\/01\/mini-028-scaled.jpg","type":"image\/jpeg"}],"twitter_card":"summary_large_image","twitter_misc":{"Gesch\u00e4tzte Lesezeit":"1\u00a0Minute"},"schema":{"@context":"https:\/\/schema.org","@graph":[{"@type":"WebPage","@id":"https:\/\/www.minihurenzeeland.nl\/de\/","url":"https:\/\/www.minihurenzeeland.nl\/de\/","name":"Startseite - Mini Huren Zeeland","isPartOf":{"@id":"https:\/\/www.minihurenzeeland.nl\/de\/#website"},"primaryImageOfPage":{"@id":"https:\/\/www.minihurenzeeland.nl\/de\/#primaryimage"},"image":{"@id":"https:\/\/www.minihurenzeeland.nl\/de\/#primaryimage"},"thumbnailUrl":"https:\/\/www.minihurenzeeland.nl\/wp-content\/uploads\/sites\/3\/2023\/01\/mini-028-scaled.jpg","datePublished":"2022-11-22T16:17:37+00:00","dateModified":"2024-06-18T08:53:22+00:00","description":"Bei Mini Huren Zeeland gibt es viele M\u00f6glichkeiten, einen Mini Cooper zu mieten. Sie gehen allein oder in Begleitung auf eine (aktive) Route.","breadcrumb":{"@id":"https:\/\/www.minihurenzeeland.nl\/de\/#breadcrumb"},"inLanguage":"de","potentialAction":[{"@type":"ReadAction","target":["https:\/\/www.minihurenzeeland.nl\/de\/"]}]},{"@type":"ImageObject","inLanguage":"de","@id":"https:\/\/www.minihurenzeeland.nl\/de\/#primaryimage","url":"https:\/\/www.minihurenzeeland.nl\/wp-content\/uploads\/sites\/3\/2023\/01\/mini-028-scaled.jpg","contentUrl":"https:\/\/www.minihurenzeeland.nl\/wp-content\/uploads\/sites\/3\/2023\/01\/mini-028-scaled.jpg","width":2560,"height":1707},{"@type":"BreadcrumbList","@id":"https:\/\/www.minihurenzeeland.nl\/de\/#breadcrumb","itemListElement":[{"@type":"ListItem","position":1,"name":"Home","item":"https:\/\/www.minihurenzeeland.nl\/de\/"},{"@type":"ListItem","position":2,"name":"Startseite"}]},{"@type":"WebSite","@id":"https:\/\/www.minihurenzeeland.nl\/de\/#website","url":"https:\/\/www.minihurenzeeland.nl\/de\/","name":"Mini Huren Zeeland","description":"","potentialAction":[{"@type":"SearchAction","target":{"@type":"EntryPoint","urlTemplate":"https:\/\/www.minihurenzeeland.nl\/de\/?s={search_term_string}"},"query-input":{"@type":"PropertyValueSpecification","valueRequired":true,"valueName":"search_term_string"}}],"inLanguage":"de"}]}},"_links":{"self":[{"href":"https:\/\/www.minihurenzeeland.nl\/de\/wp-json\/wp\/v2\/pages\/607","targetHints":{"allow":["GET"]}}],"collection":[{"href":"https:\/\/www.minihurenzeeland.nl\/de\/wp-json\/wp\/v2\/pages"}],"about":[{"href":"https:\/\/www.minihurenzeeland.nl\/de\/wp-json\/wp\/v2\/types\/page"}],"author":[{"embeddable":true,"href":"https:\/\/www.minihurenzeeland.nl\/de\/wp-json\/wp\/v2\/users\/1"}],"replies":[{"embeddable":true,"href":"https:\/\/www.minihurenzeeland.nl\/de\/wp-json\/wp\/v2\/comments?post=607"}],"version-history":[{"count":1,"href":"https:\/\/www.minihurenzeeland.nl\/de\/wp-json\/wp\/v2\/pages\/607\/revisions"}],"predecessor-version":[{"id":647,"href":"https:\/\/www.minihurenzeeland.nl\/de\/wp-json\/wp\/v2\/pages\/607\/revisions\/647"}],"wp:featuredmedia":[{"embeddable":true,"href":"https:\/\/www.minihurenzeeland.nl\/de\/wp-json\/wp\/v2\/media\/594"}],"wp:attachment":[{"href":"https:\/\/www.minihurenzeeland.nl\/de\/wp-json\/wp\/v2\/media?parent=607"}],"curies":[{"name":"wp","href":"https:\/\/api.w.org\/{rel}","templated":true}]}}